{"id":15,"date":"2021-01-17T23:58:57","date_gmt":"2021-01-17T22:58:57","guid":{"rendered":"https:\/\/bm-realisations.com\/?page_id=15"},"modified":"2021-11-06T00:30:45","modified_gmt":"2021-11-05T23:30:45","slug":"accueil","status":"publish","type":"page","link":"https:\/\/bm-realisations.com\/","title":{"rendered":"Accueil"},"content":{"rendered":"\n<p>Pour vos travaux de menuiseries int\u00e9rieures et ext\u00e9rieures ainsi que vos travaux d&rsquo;isolation et pose de plaques de placo, votre artisan <strong>Brice Mah\u00e9<\/strong> vous accompagne dans vos projets. Localis\u00e9 sur la commune de <strong>Saint-Philbert-de-Grand-Lieu <\/strong>en <strong>Loire-Atlantique<\/strong> (44), votre <strong>menuisier plaquiste<\/strong> intervient dans la r\u00e9gion.<\/p>\n\n\n\n<h2>Un projet sur mesure<\/h2>\n\n\n\n<p>Votre artisan menuisier plaquiste vous accompagne dans la d\u00e9finition de votre projet et vous propose des solutions en ad\u00e9quations avec votre besoin.<\/p>\n\n\n\n<figure class=\"wp-block-image size-large\"><img loading=\"lazy\" width=\"1024\" height=\"683\" src=\"https:\/\/bm-realisations.com\/wp-content\/uploads\/2021\/01\/pexels-burst-544965-1024x683.jpg\" alt=\"\" class=\"wp-image-107\" srcset=\"https:\/\/bm-realisations.com\/wp-content\/uploads\/2021\/01\/pexels-burst-544965-1024x683.jpg 1024w, https:\/\/bm-realisations.com\/wp-content\/uploads\/2021\/01\/pexels-burst-544965-300x200.jpg 300w, https:\/\/bm-realisations.com\/wp-content\/uploads\/2021\/01\/pexels-burst-544965-768x512.jpg 768w, https:\/\/bm-realisations.com\/wp-content\/uploads\/2021\/01\/pexels-burst-544965-1536x1024.jpg 1536w, https:\/\/bm-realisations.com\/wp-content\/uploads\/2021\/01\/pexels-burst-544965-2048x1365.jpg 2048w, https:\/\/bm-realisations.com\/wp-content\/uploads\/2021\/01\/pexels-burst-544965-750x500.jpg 750w, https:\/\/bm-realisations.com\/wp-content\/uploads\/2021\/01\/pexels-burst-544965-400x267.jpg 400w, https:\/\/bm-realisations.com\/wp-content\/uploads\/2021\/01\/pexels-burst-544965-430x287.jpg 430w, https:\/\/bm-realisations.com\/wp-content\/uploads\/2021\/01\/pexels-burst-544965-150x100.jpg 150w, https:\/\/bm-realisations.com\/wp-content\/uploads\/2021\/01\/pexels-burst-544965-100x67.jpg 100w\" sizes=\"(max-width: 1024px) 100vw, 1024px\" \/><\/figure>\n\n\n\n<h2>Un budget maitris\u00e9<\/h2>\n\n\n\n<p>Votre artisan menuisier plaquiste s&rsquo;adapte \u00e0 votre budget en vous proposant les solutions adapt\u00e9es. Votre devis est lisible et transparent.<\/p>\n\n\n\n<figure class=\"wp-block-image size-large\"><img loading=\"lazy\" width=\"1024\" height=\"683\" src=\"https:\/\/bm-realisations.com\/wp-content\/uploads\/2021\/01\/pexels-karolina-grabowska-4491441-1024x683.jpg\" alt=\"\" class=\"wp-image-108\" srcset=\"https:\/\/bm-realisations.com\/wp-content\/uploads\/2021\/01\/pexels-karolina-grabowska-4491441-1024x683.jpg 1024w, https:\/\/bm-realisations.com\/wp-content\/uploads\/2021\/01\/pexels-karolina-grabowska-4491441-300x200.jpg 300w, https:\/\/bm-realisations.com\/wp-content\/uploads\/2021\/01\/pexels-karolina-grabowska-4491441-768x512.jpg 768w, https:\/\/bm-realisations.com\/wp-content\/uploads\/2021\/01\/pexels-karolina-grabowska-4491441-1536x1024.jpg 1536w, https:\/\/bm-realisations.com\/wp-content\/uploads\/2021\/01\/pexels-karolina-grabowska-4491441-2048x1365.jpg 2048w, https:\/\/bm-realisations.com\/wp-content\/uploads\/2021\/01\/pexels-karolina-grabowska-4491441-750x500.jpg 750w, https:\/\/bm-realisations.com\/wp-content\/uploads\/2021\/01\/pexels-karolina-grabowska-4491441-400x267.jpg 400w, https:\/\/bm-realisations.com\/wp-content\/uploads\/2021\/01\/pexels-karolina-grabowska-4491441-430x287.jpg 430w, https:\/\/bm-realisations.com\/wp-content\/uploads\/2021\/01\/pexels-karolina-grabowska-4491441-150x100.jpg 150w, https:\/\/bm-realisations.com\/wp-content\/uploads\/2021\/01\/pexels-karolina-grabowska-4491441-100x67.jpg 100w\" sizes=\"(max-width: 1024px) 100vw, 1024px\" \/><\/figure>\n\n\n\n<h2>Une relation humaine<\/h2>\n\n\n\n<p>Votre artisan menuisier plaquistevous \u00e9coute, s&rsquo;adapte \u00e0 votre environnement et vos contraintes.<\/p>\n\n\n\n<figure class=\"wp-block-image size-large\"><img loading=\"lazy\" width=\"1024\" height=\"683\" src=\"https:\/\/bm-realisations.com\/wp-content\/uploads\/2021\/01\/pexels-fauxels-3184465-1024x683.jpg\" alt=\"\" class=\"wp-image-109\" srcset=\"https:\/\/bm-realisations.com\/wp-content\/uploads\/2021\/01\/pexels-fauxels-3184465-1024x683.jpg 1024w, https:\/\/bm-realisations.com\/wp-content\/uploads\/2021\/01\/pexels-fauxels-3184465-300x200.jpg 300w, https:\/\/bm-realisations.com\/wp-content\/uploads\/2021\/01\/pexels-fauxels-3184465-768x512.jpg 768w, https:\/\/bm-realisations.com\/wp-content\/uploads\/2021\/01\/pexels-fauxels-3184465-1536x1024.jpg 1536w, https:\/\/bm-realisations.com\/wp-content\/uploads\/2021\/01\/pexels-fauxels-3184465-2048x1365.jpg 2048w, https:\/\/bm-realisations.com\/wp-content\/uploads\/2021\/01\/pexels-fauxels-3184465-750x500.jpg 750w, https:\/\/bm-realisations.com\/wp-content\/uploads\/2021\/01\/pexels-fauxels-3184465-400x267.jpg 400w, https:\/\/bm-realisations.com\/wp-content\/uploads\/2021\/01\/pexels-fauxels-3184465-430x287.jpg 430w, https:\/\/bm-realisations.com\/wp-content\/uploads\/2021\/01\/pexels-fauxels-3184465-150x100.jpg 150w, https:\/\/bm-realisations.com\/wp-content\/uploads\/2021\/01\/pexels-fauxels-3184465-100x67.jpg 100w\" sizes=\"(max-width: 1024px) 100vw, 1024px\" \/><\/figure>\n\n\n\n<p><\/p>\n","protected":false},"excerpt":{"rendered":"<p>Pour vos travaux de menuiseries int\u00e9rieures et ext\u00e9rieures ainsi que vos travaux d&rsquo;isolation et pose de plaques de placo, votre artisan Brice Mah\u00e9 vous accompagne dans vos projets. Localis\u00e9 sur [&hellip;]<\/p>\n","protected":false},"author":1,"featured_media":0,"parent":0,"menu_order":0,"comment_status":"closed","ping_status":"closed","template":"","meta":[],"yoast_head":"<!-- This site is optimized with the Yoast SEO plugin v19.4 - https:\/\/yoast.com\/wordpress\/plugins\/seo\/ -->\n<title>Accueil - BM R\u00e9alisations - Menuisier plaquiste<\/title>\n<meta name=\"description\" content=\"Pour vos travaux de menuiseries int\u00e9rieures et ext\u00e9rieures ainsi que vos travaux d&#039;isolation et pose de plaques de placo, votre artisan Brice Mah\u00e9 vous accompagne dans vos projets. Localis\u00e9 sur la commune de Saint-Philbert-de-Grand-Lieu en Loire-Atlantique (44), votre menuisier plaquiste intervient dans la r\u00e9gion. BM R\u00e9alisations - Menuisier plaquiste\" \/>\n<meta name=\"robots\" content=\"index, follow, max-snippet:-1, max-image-preview:large, max-video-preview:-1\" \/>\n<link rel=\"canonical\" href=\"https:\/\/bm-realisations.com\/\" \/>\n<meta property=\"og:locale\" content=\"fr_FR\" \/>\n<meta property=\"og:type\" content=\"article\" \/>\n<meta property=\"og:title\" content=\"Accueil - BM R\u00e9alisations - Menuisier plaquiste\" \/>\n<meta property=\"og:description\" content=\"Pour vos travaux de menuiseries int\u00e9rieures et ext\u00e9rieures ainsi que vos travaux d&#039;isolation et pose de plaques de placo, votre artisan Brice Mah\u00e9 vous accompagne dans vos projets. Localis\u00e9 sur la commune de Saint-Philbert-de-Grand-Lieu en Loire-Atlantique (44), votre menuisier plaquiste intervient dans la r\u00e9gion. BM R\u00e9alisations - Menuisier plaquiste\" \/>\n<meta property=\"og:url\" content=\"https:\/\/bm-realisations.com\/\" \/>\n<meta property=\"og:site_name\" content=\"BM R\u00e9alisations - Menuisier plaquiste\" \/>\n<meta property=\"article:modified_time\" content=\"2021-11-05T23:30:45+00:00\" \/>\n<meta property=\"og:image\" content=\"https:\/\/bm-realisations.com\/wp-content\/uploads\/2021\/01\/pexels-burst-544965-1024x683.jpg\" \/>\n<meta name=\"twitter:card\" content=\"summary_large_image\" \/>\n<meta name=\"twitter:label1\" content=\"Dur\u00e9e de lecture estim\u00e9e\" \/>\n\t<meta name=\"twitter:data1\" content=\"2 minutes\" \/>\n<script type=\"application\/ld+json\" class=\"yoast-schema-graph\">{\"@context\":\"https:\/\/schema.org\",\"@graph\":[{\"@type\":\"Organization\",\"@id\":\"https:\/\/bm-realisations.com\/#organization\",\"name\":\"BM R\u00e9alisations\",\"url\":\"https:\/\/bm-realisations.com\/\",\"sameAs\":[],\"logo\":{\"@type\":\"ImageObject\",\"inLanguage\":\"fr-FR\",\"@id\":\"https:\/\/bm-realisations.com\/#\/schema\/logo\/image\/\",\"url\":\"https:\/\/bm-realisations.com\/wp-content\/uploads\/2021\/01\/BM-REALISATIONS-LOGO.png\",\"contentUrl\":\"https:\/\/bm-realisations.com\/wp-content\/uploads\/2021\/01\/BM-REALISATIONS-LOGO.png\",\"width\":2048,\"height\":1160,\"caption\":\"BM R\u00e9alisations\"},\"image\":{\"@id\":\"https:\/\/bm-realisations.com\/#\/schema\/logo\/image\/\"}},{\"@type\":\"WebSite\",\"@id\":\"https:\/\/bm-realisations.com\/#website\",\"url\":\"https:\/\/bm-realisations.com\/\",\"name\":\"BM R\u00e9alisations\",\"description\":\"Menuiserie - Placo neuf et r\u00e9novation\",\"publisher\":{\"@id\":\"https:\/\/bm-realisations.com\/#organization\"},\"potentialAction\":[{\"@type\":\"SearchAction\",\"target\":{\"@type\":\"EntryPoint\",\"urlTemplate\":\"https:\/\/bm-realisations.com\/?s={search_term_string}\"},\"query-input\":\"required name=search_term_string\"}],\"inLanguage\":\"fr-FR\"},{\"@type\":\"WebPage\",\"@id\":\"https:\/\/bm-realisations.com\/\",\"url\":\"https:\/\/bm-realisations.com\/\",\"name\":\"Accueil - BM R\u00e9alisations - Menuisier plaquiste\",\"isPartOf\":{\"@id\":\"https:\/\/bm-realisations.com\/#website\"},\"datePublished\":\"2021-01-17T22:58:57+00:00\",\"dateModified\":\"2021-11-05T23:30:45+00:00\",\"description\":\"Pour vos travaux de menuiseries int\u00e9rieures et ext\u00e9rieures ainsi que vos travaux d'isolation et pose de plaques de placo, votre artisan Brice Mah\u00e9 vous accompagne dans vos projets. Localis\u00e9 sur la commune de Saint-Philbert-de-Grand-Lieu en Loire-Atlantique (44), votre menuisier plaquiste intervient dans la r\u00e9gion. BM R\u00e9alisations - Menuisier plaquiste\",\"breadcrumb\":{\"@id\":\"https:\/\/bm-realisations.com\/#breadcrumb\"},\"inLanguage\":\"fr-FR\",\"potentialAction\":[{\"@type\":\"ReadAction\",\"target\":[\"https:\/\/bm-realisations.com\/\"]}]},{\"@type\":\"BreadcrumbList\",\"@id\":\"https:\/\/bm-realisations.com\/#breadcrumb\",\"itemListElement\":[{\"@type\":\"ListItem\",\"position\":1,\"name\":\"Accueil\",\"item\":\"https:\/\/bm-realisations.com\/\"},{\"@type\":\"ListItem\",\"position\":2,\"name\":\"Accueil\"}]}]}<\/script>\n<!-- \/ Yoast SEO plugin. -->","yoast_head_json":{"title":"Accueil - BM R\u00e9alisations - Menuisier plaquiste","description":"Pour vos travaux de menuiseries int\u00e9rieures et ext\u00e9rieures ainsi que vos travaux d'isolation et pose de plaques de placo, votre artisan Brice Mah\u00e9 vous accompagne dans vos projets. Localis\u00e9 sur la commune de Saint-Philbert-de-Grand-Lieu en Loire-Atlantique (44), votre menuisier plaquiste intervient dans la r\u00e9gion. BM R\u00e9alisations - Menuisier plaquiste","robots":{"index":"index","follow":"follow","max-snippet":"max-snippet:-1","max-image-preview":"max-image-preview:large","max-video-preview":"max-video-preview:-1"},"canonical":"https:\/\/bm-realisations.com\/","og_locale":"fr_FR","og_type":"article","og_title":"Accueil - BM R\u00e9alisations - Menuisier plaquiste","og_description":"Pour vos travaux de menuiseries int\u00e9rieures et ext\u00e9rieures ainsi que vos travaux d'isolation et pose de plaques de placo, votre artisan Brice Mah\u00e9 vous accompagne dans vos projets. Localis\u00e9 sur la commune de Saint-Philbert-de-Grand-Lieu en Loire-Atlantique (44), votre menuisier plaquiste intervient dans la r\u00e9gion. BM R\u00e9alisations - Menuisier plaquiste","og_url":"https:\/\/bm-realisations.com\/","og_site_name":"BM R\u00e9alisations - Menuisier plaquiste","article_modified_time":"2021-11-05T23:30:45+00:00","og_image":[{"url":"https:\/\/bm-realisations.com\/wp-content\/uploads\/2021\/01\/pexels-burst-544965-1024x683.jpg"}],"twitter_card":"summary_large_image","twitter_misc":{"Dur\u00e9e de lecture estim\u00e9e":"2 minutes"},"schema":{"@context":"https:\/\/schema.org","@graph":[{"@type":"Organization","@id":"https:\/\/bm-realisations.com\/#organization","name":"BM R\u00e9alisations","url":"https:\/\/bm-realisations.com\/","sameAs":[],"logo":{"@type":"ImageObject","inLanguage":"fr-FR","@id":"https:\/\/bm-realisations.com\/#\/schema\/logo\/image\/","url":"https:\/\/bm-realisations.com\/wp-content\/uploads\/2021\/01\/BM-REALISATIONS-LOGO.png","contentUrl":"https:\/\/bm-realisations.com\/wp-content\/uploads\/2021\/01\/BM-REALISATIONS-LOGO.png","width":2048,"height":1160,"caption":"BM R\u00e9alisations"},"image":{"@id":"https:\/\/bm-realisations.com\/#\/schema\/logo\/image\/"}},{"@type":"WebSite","@id":"https:\/\/bm-realisations.com\/#website","url":"https:\/\/bm-realisations.com\/","name":"BM R\u00e9alisations","description":"Menuiserie - Placo neuf et r\u00e9novation","publisher":{"@id":"https:\/\/bm-realisations.com\/#organization"},"potentialAction":[{"@type":"SearchAction","target":{"@type":"EntryPoint","urlTemplate":"https:\/\/bm-realisations.com\/?s={search_term_string}"},"query-input":"required name=search_term_string"}],"inLanguage":"fr-FR"},{"@type":"WebPage","@id":"https:\/\/bm-realisations.com\/","url":"https:\/\/bm-realisations.com\/","name":"Accueil - BM R\u00e9alisations - Menuisier plaquiste","isPartOf":{"@id":"https:\/\/bm-realisations.com\/#website"},"datePublished":"2021-01-17T22:58:57+00:00","dateModified":"2021-11-05T23:30:45+00:00","description":"Pour vos travaux de menuiseries int\u00e9rieures et ext\u00e9rieures ainsi que vos travaux d'isolation et pose de plaques de placo, votre artisan Brice Mah\u00e9 vous accompagne dans vos projets. Localis\u00e9 sur la commune de Saint-Philbert-de-Grand-Lieu en Loire-Atlantique (44), votre menuisier plaquiste intervient dans la r\u00e9gion. BM R\u00e9alisations - Menuisier plaquiste","breadcrumb":{"@id":"https:\/\/bm-realisations.com\/#breadcrumb"},"inLanguage":"fr-FR","potentialAction":[{"@type":"ReadAction","target":["https:\/\/bm-realisations.com\/"]}]},{"@type":"BreadcrumbList","@id":"https:\/\/bm-realisations.com\/#breadcrumb","itemListElement":[{"@type":"ListItem","position":1,"name":"Accueil","item":"https:\/\/bm-realisations.com\/"},{"@type":"ListItem","position":2,"name":"Accueil"}]}]}},"_links":{"self":[{"href":"https:\/\/bm-realisations.com\/index.php\/wp-json\/wp\/v2\/pages\/15"}],"collection":[{"href":"https:\/\/bm-realisations.com\/index.php\/wp-json\/wp\/v2\/pages"}],"about":[{"href":"https:\/\/bm-realisations.com\/index.php\/wp-json\/wp\/v2\/types\/page"}],"author":[{"embeddable":true,"href":"https:\/\/bm-realisations.com\/index.php\/wp-json\/wp\/v2\/users\/1"}],"replies":[{"embeddable":true,"href":"https:\/\/bm-realisations.com\/index.php\/wp-json\/wp\/v2\/comments?post=15"}],"version-history":[{"count":8,"href":"https:\/\/bm-realisations.com\/index.php\/wp-json\/wp\/v2\/pages\/15\/revisions"}],"predecessor-version":[{"id":135,"href":"https:\/\/bm-realisations.com\/index.php\/wp-json\/wp\/v2\/pages\/15\/revisions\/135"}],"wp:attachment":[{"href":"https:\/\/bm-realisations.com\/index.php\/wp-json\/wp\/v2\/media?parent=15"}],"curies":[{"name":"wp","href":"https:\/\/api.w.org\/{rel}","templated":true}]}}